{"id":3,"date":"2025-05-22T11:13:37","date_gmt":"2025-05-22T10:13:37","guid":{"rendered":"https:\/\/baks-bay.ws-stage.co.uk\/?page_id=3"},"modified":"2025-07-10T15:15:16","modified_gmt":"2025-07-10T14:15:16","slug":"disclaimer","status":"publish","type":"page","link":"https:\/\/baks-bay.ws-stage.co.uk\/alb\/disclaimer\/","title":{"rendered":"Mohim p\u00ebrgjegj\u00ebsie"},"content":{"rendered":"<h2 class=\"wp-block-heading\">Kush jemi ne<\/h2>\r\n\r\n\r\n\r\n<p><strong class=\"privacy-policy-tutorial\">Suggested text: <\/strong>Our website address is: https:\/\/baks-bay.ws-stage.co.uk.<\/p>\r\n\r\n\r\n\r\n<h2 class=\"wp-block-heading\">Komente<\/h2>\r\n\r\n\r\n\r\n<p><strong class=\"privacy-policy-tutorial\">Suggested text: <\/strong>When visitors leave comments on the site we collect the data shown in the comments form, and also the visitor\u2019s IP address and browser user agent string to help spam detection.<\/p>\r\n\r\n\r\n\r\n<p>Nj\u00eb varg anonim i krijuar nga adresa juaj e emailit (i quajtur edhe hash) mund t&#039;i ofrohet sh\u00ebrbimit Gravatar p\u00ebr t\u00eb par\u00eb n\u00ebse po e p\u00ebrdorni at\u00eb. Politika e Privat\u00ebsis\u00eb s\u00eb sh\u00ebrbimit Gravatar \u00ebsht\u00eb e disponueshme k\u00ebtu: https:\/\/automattic.com\/privacy\/. Pas miratimit t\u00eb komentit tuaj, fotografia e profilit tuaj \u00ebsht\u00eb e dukshme p\u00ebr publikun n\u00eb kontekstin e komentit tuaj.<\/p>\r\n\r\n\r\n\r\n<h2 class=\"wp-block-heading\">Media<\/h2>\r\n\r\n\r\n\r\n<p><strong class=\"privacy-policy-tutorial\">Suggested text: <\/strong>If you upload images to the website, you should avoid uploading images with embedded location data (EXIF GPS) included. Visitors to the website can download and extract any location data from images on the website.<\/p>\r\n\r\n\r\n\r\n<h2 class=\"wp-block-heading\">Kukit\u00eb<\/h2>\r\n\r\n\r\n\r\n<p><strong class=\"privacy-policy-tutorial\">Suggested text: <\/strong>If you leave a comment on our site you may opt in to saving your name, email address and website in cookies. These are for your convenience so that you do not have to fill in your details again when you leave another comment. These cookies will last for one year.<\/p>\r\n\r\n\r\n\r\n<p>N\u00ebse vizitoni faqen ton\u00eb t\u00eb hyrjes, ne do t\u00eb vendosim nj\u00eb cookie t\u00eb p\u00ebrkohsh\u00ebm p\u00ebr t\u00eb p\u00ebrcaktuar n\u00ebse shfletuesi juaj pranon cookie-t. Ky cookie nuk p\u00ebrmban t\u00eb dh\u00ebna personale dhe fshihet kur mbyllni shfletuesin tuaj.<\/p>\r\n\r\n\r\n\r\n<p>Kur t\u00eb hyni, ne do t\u00eb konfigurojm\u00eb gjithashtu disa cookie p\u00ebr t\u00eb ruajtur informacionin tuaj t\u00eb hyrjes dhe zgjedhjet tuaja t\u00eb shfaqjes s\u00eb ekranit. Cookie-t e hyrjes zgjasin p\u00ebr dy dit\u00eb, dhe cookie-t e opsioneve t\u00eb ekranit zgjasin p\u00ebr nj\u00eb vit. N\u00ebse zgjidhni &quot;M\u00eb mbaj mend&quot;, hyrja juaj do t\u00eb vazhdoj\u00eb p\u00ebr dy jav\u00eb. N\u00ebse dilni nga llogaria juaj, cookie-t e hyrjes do t\u00eb hiqen.<\/p>\r\n\r\n\r\n\r\n<p>N\u00ebse redaktoni ose publikoni nj\u00eb artikull, nj\u00eb cookie shtes\u00eb do t\u00eb ruhet n\u00eb shfletuesin tuaj. Ky cookie nuk p\u00ebrfshin t\u00eb dh\u00ebna personale dhe thjesht tregon ID-n\u00eb e postimit t\u00eb artikullit q\u00eb sapo redaktuat. Ai skadon pas 1 dite.<\/p>\r\n\r\n\r\n\r\n<h2 class=\"wp-block-heading\">P\u00ebrmbajtje e integruar nga faqet e tjera t\u00eb internetit<\/h2>\r\n\r\n\r\n\r\n<p><strong class=\"privacy-policy-tutorial\">Suggested text: <\/strong>Articles on this site may include embedded content (e.g. videos, images, articles, etc.). Embedded content from other websites behaves in the exact same way as if the visitor has visited the other website.<\/p>\r\n\r\n\r\n\r\n<p>K\u00ebto faqe interneti mund t\u00eb mbledhin t\u00eb dh\u00ebna rreth jush, t\u00eb p\u00ebrdorin cookie-t, t\u00eb p\u00ebrfshijn\u00eb gjurmim shtes\u00eb nga pal\u00eb t\u00eb treta dhe t\u00eb monitorojn\u00eb nd\u00ebrveprimin tuaj me at\u00eb p\u00ebrmbajtje t\u00eb integruar, duke p\u00ebrfshir\u00eb gjurmimin e nd\u00ebrveprimit tuaj me p\u00ebrmbajtjen e integruar n\u00ebse keni nj\u00eb llogari dhe jeni t\u00eb ky\u00e7ur n\u00eb at\u00eb faqe interneti.<\/p>\r\n\r\n\r\n\r\n<h2 class=\"wp-block-heading\">Me k\u00eb i ndajm\u00eb t\u00eb dh\u00ebnat tuaja<\/h2>\r\n\r\n\r\n\r\n<p><strong class=\"privacy-policy-tutorial\">Suggested text: <\/strong>If you request a password reset, your IP address will be included in the reset email.<\/p>\r\n\r\n\r\n\r\n<h2 class=\"wp-block-heading\">P\u00ebr sa koh\u00eb i ruajm\u00eb t\u00eb dh\u00ebnat tuaja<\/h2>\r\n\r\n\r\n\r\n<p><strong class=\"privacy-policy-tutorial\">Suggested text: <\/strong>If you leave a comment, the comment and its metadata are retained indefinitely. This is so we can recognise and approve any follow-up comments automatically instead of holding them in a moderation queue.<\/p>\r\n\r\n\r\n\r\n<p>P\u00ebr p\u00ebrdoruesit q\u00eb regjistrohen n\u00eb faqen ton\u00eb t\u00eb internetit (n\u00ebse ka), ne gjithashtu ruajm\u00eb informacionin personal q\u00eb ata japin n\u00eb profilin e tyre t\u00eb p\u00ebrdoruesit. T\u00eb gjith\u00eb p\u00ebrdoruesit mund t\u00eb shohin, modifikojn\u00eb ose fshijn\u00eb informacionin e tyre personal n\u00eb \u00e7do koh\u00eb (p\u00ebrve\u00e7se ata nuk mund t\u00eb ndryshojn\u00eb emrin e p\u00ebrdoruesit). Administrator\u00ebt e faqes s\u00eb internetit gjithashtu mund ta shohin dhe modifikojn\u00eb at\u00eb informacion.<\/p>\r\n\r\n\r\n\r\n<h2 class=\"wp-block-heading\">\u00c7far\u00eb t\u00eb drejtash keni mbi t\u00eb dh\u00ebnat tuaja<\/h2>\r\n\r\n\r\n\r\n<p><strong class=\"privacy-policy-tutorial\">Suggested text: <\/strong>If you have an account on this site, or have left comments, you can request to receive an exported file of the personal data we hold about you, including any data you have provided to us. You can also request that we erase any personal data we hold about you. This does not include any data we are obliged to keep for administrative, legal, or security purposes.<\/p>\r\n\r\n\r\n\r\n<h2 class=\"wp-block-heading\">Ku d\u00ebrgohen t\u00eb dh\u00ebnat tuaja<\/h2>\r\n\r\n\r\n\r\n<p><strong class=\"privacy-policy-tutorial\">Suggested text: <\/strong>Visitor comments may be checked through an automated spam detection service.<\/p>\r\n\r\n<p>&nbsp;<\/p>","protected":false},"excerpt":{"rendered":"<p>Who we are Suggested text: Our website address is: https:\/\/baks-bay.ws-stage.co.uk. Comments Suggested text: When visitors leave comments on the site we collect the data shown in the comments form, and also the visitor\u2019s IP address and browser user agent string to help spam detection. An anonymised string created from your email address (also called a [&hellip;]<\/p>","protected":false},"author":1,"featured_media":0,"parent":0,"menu_order":0,"comment_status":"closed","ping_status":"open","template":"page.php","meta":{"_acf_changed":false,"inline_featured_image":false,"footnotes":""},"class_list":["post-3","page","type-page","status-publish","hentry"],"acf":[],"_links":{"self":[{"href":"https:\/\/baks-bay.ws-stage.co.uk\/alb\/wp-json\/wp\/v2\/pages\/3","targetHints":{"allow":["GET"]}}],"collection":[{"href":"https:\/\/baks-bay.ws-stage.co.uk\/alb\/wp-json\/wp\/v2\/pages"}],"about":[{"href":"https:\/\/baks-bay.ws-stage.co.uk\/alb\/wp-json\/wp\/v2\/types\/page"}],"author":[{"embeddable":true,"href":"https:\/\/baks-bay.ws-stage.co.uk\/alb\/wp-json\/wp\/v2\/users\/1"}],"replies":[{"embeddable":true,"href":"https:\/\/baks-bay.ws-stage.co.uk\/alb\/wp-json\/wp\/v2\/comments?post=3"}],"version-history":[{"count":12,"href":"https:\/\/baks-bay.ws-stage.co.uk\/alb\/wp-json\/wp\/v2\/pages\/3\/revisions"}],"predecessor-version":[{"id":595,"href":"https:\/\/baks-bay.ws-stage.co.uk\/alb\/wp-json\/wp\/v2\/pages\/3\/revisions\/595"}],"wp:attachment":[{"href":"https:\/\/baks-bay.ws-stage.co.uk\/alb\/wp-json\/wp\/v2\/media?parent=3"}],"curies":[{"name":"wp","href":"https:\/\/api.w.org\/{rel}","templated":true}]}}